{"id":516,"date":"2018-01-24T17:14:51","date_gmt":"2018-01-24T16:14:51","guid":{"rendered":"https:\/\/cfdfeaservice.it\/?post_type=product&#038;p=516"},"modified":"2018-04-20T10:02:34","modified_gmt":"2018-04-20T08:02:34","slug":"helyx-os","status":"publish","type":"product","link":"https:\/\/test.cfdfeaservice.it\/index.php\/prodotto\/helyx-os\/","title":{"rendered":"HELYX-OS"},"content":{"rendered":"<p>HELYX-OS \u00e8 una intergacia grafica per OpenFOAM progettata da ENGYS. Tale interfaccia grafica \u00e8 studiata per l&#8217;uso accademico e per i novizi dell&#8217;ingegneria. Essa \u00e8 rilasciata a tutti attraverso una licenza GNU GPL. Attraverso questo acquisto \u00e8 possibile scaricare la versione:\u00a0<em>HELYX-OS v2.4.0 binary per 64 bit Linux<\/em>. Tale versione di HELYX-OS \u00e8 compatibile con OpenFOAM v4.1 di cui si consiglia l&#8217;installazione.<\/p>\n<p>Grazie a questa GUI \u00e8 possibile svolgere simulazioni di fluidi comprimibili e non, con modelli di volume quali MRF, porosit\u00e0, etc. Il meshatore incluso \u00e8 <a href=\"https:\/\/cfd.direct\/openfoam\/user-guide\/snappyhexmesh\/\" target=\"_blank\" rel=\"noopener\">snappy<\/a> &#8211; incluso nel pacchetto di OpenFOAM, che \u00e8 compatibile con i file di input di tipo STL solamente.<\/p>\n<p>Per quanto riguarda i risultati, questi sono compatibili con <a href=\"https:\/\/cfdfeaservice.it\/index.php\/prodotto\/paraview\/\">ParaView<\/a>.<\/p>\n<h2>I nostri servizi<\/h2>\n<div class=\"thumb tright\">\n<p>CFD FEA Service fornisce formazione a 360\u00b0 riguardo l\u2019utilizzo di HELYX-OS.\u00a0Questo pacchetto \u00e8 inoltre compatibile con il <em><strong>cloud-computing<\/strong><\/em> offerto da CFD FEA Service.<\/p>\n<p>Per maggiori informazioni a riguardo \u00e8 possibile visionare la categoria relativa sul nostro blog oppure queste <a href=\"https:\/\/cfdfeaservice.it\/index.php\/2018\/02\/06\/helyx-os-uninterfaccia-grafica-openfoam\/\" target=\"_blank\" rel=\"noopener\">istruzioni per l&#8217;installazione<\/a>.<\/p>\n<\/div>\n<p><strong>_________________________________<\/strong><\/p>\n<p><strong>CFD FEA Service SRL<\/strong> &egrave; una societ&agrave; di servizi che offre <em>consulenza<\/em> e <em>formazione<\/em> in ambito <strong>ingegneria<\/strong> e <strong>IT<\/strong>. Se questo post\/prodotto ti &egrave; piaciuto ti invitiamo a:<\/p>\n<ul>\n<li>visionare il nostro <a href=\"https:\/\/cfdfeaservice.it\/index.php\/blog\/\" target=\"_blank\" rel=\"noopener\">blog<\/a><\/li>\n<li>visionare i <a href=\"https:\/\/cfdfeaservice.it\/index.php\/prodotti\/\" target=\"_blank\" rel=\"noopener\">software<\/a> disponibili - anche per la formazione<\/li>\n<li>iscriverti alla nostra newsletter<\/li>\n<li>entrare in contatto con noi attraverso la <a href=\"https:\/\/cfdfeaservice.it\/#ribbon\" target=\"_blank\" rel=\"noopener\">pagina contatti<\/a><\/li>\n<\/ul>\n<p>Saremo lieti di seguire le tue richieste e fornire risposte alle tue domande.<\/p>","protected":false},"excerpt":{"rendered":"<p>Interfaccia grafica per l&#8217;utilizzo di OpenFOAM<\/p>\n","protected":false},"featured_media":517,"comment_status":"open","ping_status":"closed","template":"","meta":{"spay_email":""},"yoast_head":"<!-- This site is optimized with the Yoast SEO plugin v15.1.1 - https:\/\/yoast.com\/wordpress\/plugins\/seo\/ -->\n<title>HELYX-OS - CFD FEA\/FEM Service<\/title>\n<meta name=\"description\" content=\"HELYX-OS \u00e8 un&#039;interfaccia grafica sviluppata per facilitare l&#039;uso di OpenFOAM. E&#039; disponibile in versione gratuita per l&#039;utilizzo accademico.\" \/>\n<meta name=\"robots\" content=\"index, follow, max-snippet:-1, max-image-preview:large, max-video-preview:-1\" \/>\n<link rel=\"canonical\" href=\"https:\/\/test.cfdfeaservice.it\/index.php\/prodotto\/helyx-os\/\" \/>\n<meta property=\"og:locale\" content=\"en_GB\" \/>\n<meta property=\"og:type\" content=\"article\" \/>\n<meta property=\"og:title\" content=\"HELYX-OS - CFD FEA\/FEM Service\" \/>\n<meta property=\"og:description\" content=\"HELYX-OS \u00e8 un&#039;interfaccia grafica sviluppata per facilitare l&#039;uso di OpenFOAM. E&#039; disponibile in versione gratuita per l&#039;utilizzo accademico.\" \/>\n<meta property=\"og:url\" content=\"https:\/\/test.cfdfeaservice.it\/index.php\/prodotto\/helyx-os\/\" \/>\n<meta property=\"og:site_name\" content=\"CFD FEA\/FEM Service\" \/>\n<meta property=\"article:publisher\" content=\"https:\/\/www.facebook.com\/cfdfeaservice\" \/>\n<meta property=\"article:modified_time\" content=\"2018-04-20T08:02:34+00:00\" \/>\n<meta property=\"og:image\" content=\"https:\/\/i0.wp.com\/test.cfdfeaservice.it\/wp-content\/uploads\/2018\/01\/logo.png?fit=600%2C200&#038;ssl=1\" \/>\n\t<meta property=\"og:image:width\" content=\"600\" \/>\n\t<meta property=\"og:image:height\" content=\"200\" \/>\n<meta name=\"twitter:card\" content=\"summary\" \/>\n<script type=\"application\/ld+json\" class=\"yoast-schema-graph\">{\"@context\":\"https:\/\/schema.org\",\"@graph\":[{\"@type\":\"Organization\",\"@id\":\"https:\/\/test.cfdfeaservice.it\/#organization\",\"name\":\"CFD FEA SERVICE SRL\",\"url\":\"https:\/\/test.cfdfeaservice.it\/\",\"sameAs\":[\"https:\/\/www.facebook.com\/cfdfeaservice\",\"https:\/\/www.linkedin.com\/company\/11421185\/\",\"https:\/\/www.youtube.com\/channel\/UCr2h1DbpsNDKJSBAgeWMbfA\"],\"logo\":{\"@type\":\"ImageObject\",\"@id\":\"https:\/\/test.cfdfeaservice.it\/#logo\",\"inLanguage\":\"en-GB\",\"url\":\"https:\/\/i2.wp.com\/test.cfdfeaservice.it\/wp-content\/uploads\/2018\/07\/CFD-FEA-SERVICE-Compact.png?fit=677%2C178&ssl=1\",\"width\":677,\"height\":178,\"caption\":\"CFD FEA SERVICE SRL\"},\"image\":{\"@id\":\"https:\/\/test.cfdfeaservice.it\/#logo\"}},{\"@type\":\"WebSite\",\"@id\":\"https:\/\/test.cfdfeaservice.it\/#website\",\"url\":\"https:\/\/test.cfdfeaservice.it\/\",\"name\":\"CFD FEA\/FEM Service\",\"description\":\"Servizi di ingegneria 4.0\",\"publisher\":{\"@id\":\"https:\/\/test.cfdfeaservice.it\/#organization\"},\"potentialAction\":[{\"@type\":\"SearchAction\",\"target\":\"https:\/\/test.cfdfeaservice.it\/?s={search_term_string}\",\"query-input\":\"required name=search_term_string\"}],\"inLanguage\":\"en-GB\"},{\"@type\":\"ImageObject\",\"@id\":\"https:\/\/test.cfdfeaservice.it\/index.php\/prodotto\/helyx-os\/#primaryimage\",\"inLanguage\":\"en-GB\",\"url\":\"https:\/\/i0.wp.com\/test.cfdfeaservice.it\/wp-content\/uploads\/2018\/01\/logo.png?fit=600%2C200&ssl=1\",\"width\":600,\"height\":200},{\"@type\":\"WebPage\",\"@id\":\"https:\/\/test.cfdfeaservice.it\/index.php\/prodotto\/helyx-os\/#webpage\",\"url\":\"https:\/\/test.cfdfeaservice.it\/index.php\/prodotto\/helyx-os\/\",\"name\":\"HELYX-OS - CFD FEA\/FEM Service\",\"isPartOf\":{\"@id\":\"https:\/\/test.cfdfeaservice.it\/#website\"},\"primaryImageOfPage\":{\"@id\":\"https:\/\/test.cfdfeaservice.it\/index.php\/prodotto\/helyx-os\/#primaryimage\"},\"datePublished\":\"2018-01-24T16:14:51+00:00\",\"dateModified\":\"2018-04-20T08:02:34+00:00\",\"description\":\"HELYX-OS \\u00e8 un'interfaccia grafica sviluppata per facilitare l'uso di OpenFOAM. E' disponibile in versione gratuita per l'utilizzo accademico.\",\"inLanguage\":\"en-GB\",\"potentialAction\":[{\"@type\":\"ReadAction\",\"target\":[\"https:\/\/test.cfdfeaservice.it\/index.php\/prodotto\/helyx-os\/\"]}]}]}<\/script>\n<!-- \/ Yoast SEO plugin. -->","jetpack_sharing_enabled":true,"_links":{"self":[{"href":"https:\/\/test.cfdfeaservice.it\/index.php\/wp-json\/wp\/v2\/product\/516"}],"collection":[{"href":"https:\/\/test.cfdfeaservice.it\/index.php\/wp-json\/wp\/v2\/product"}],"about":[{"href":"https:\/\/test.cfdfeaservice.it\/index.php\/wp-json\/wp\/v2\/types\/product"}],"replies":[{"embeddable":true,"href":"https:\/\/test.cfdfeaservice.it\/index.php\/wp-json\/wp\/v2\/comments?post=516"}],"wp:featuredmedia":[{"embeddable":true,"href":"https:\/\/test.cfdfeaservice.it\/index.php\/wp-json\/wp\/v2\/media\/517"}],"wp:attachment":[{"href":"https:\/\/test.cfdfeaservice.it\/index.php\/wp-json\/wp\/v2\/media?parent=516"}],"curies":[{"name":"wp","href":"https:\/\/api.w.org\/{rel}","templated":true}]}}