{"id":494,"date":"2018-01-22T14:25:27","date_gmt":"2018-01-22T13:25:27","guid":{"rendered":"https:\/\/cfdfeaservice.it\/?post_type=product&#038;p=494"},"modified":"2019-12-20T23:01:00","modified_gmt":"2019-12-20T22:01:00","slug":"code_aster","status":"publish","type":"product","link":"https:\/\/test.cfdfeaservice.it\/index.php\/prodotto\/code_aster\/","title":{"rendered":"Code_Aster"},"content":{"rendered":"<p>Code_Aster \u00e8 un software libero di simulazione numerica dei materiali e delle strutture meccaniche, sviluppato principalmente dal dipartimento \u00abAnalyses M\u00e9caniques et Acoustiques\u00bb del servizio Recherche et D\u00e9veloppement (R&amp;D; originariamente DER) di EDF &#8211; \u00c9lectricit\u00e9 de France.<\/p>\n<p>ASTER significa \u00abAnalyses des Structures et Thermo-m\u00e9canique pour des \u00c9tudes et des Recherches\u00bb. \u00c8 un software complesso, la cui realizzazione \u00e8 cominciata nel 1989, per rispondere alle necessit\u00e0 interne di EDF. \u00c8 stato reso disponibile sotto la licenza GNU GPL in ottobre 2001. Il core system \u00e8 realizzato in Fortran, e molti add-on complementari sono scritti in Python. Ha pi\u00f9 di un milione e mezzo di righe di codice, numerosi casi di test, oltre a una enorme documentazione, scritta principalmente in francese. Le versioni stabili vengono rese pubbliche circa due volte l&#8217;anno come pacchetto per la compilazione. Queste versioni possono essere aggiornate settimanalmente con l&#8217;ultima versione di sviluppo. \u00c8 principalmente un finalizzatore (solver) basato sulla teoria della meccanica dei continui, che usa il metodo degli elementi finiti per risolvere diversi tipi di problemi meccanici, termici, acustici, sismici, ecc., sia lineari che non lineari.<\/p>\n<p>Il suo codice sorgente \u00e8 liberamente scaricabile dal sito del progetto. Le distribuzioni Linux principali, oltre che FreeBSD, propongono dei pacchetti binari eseguibili. Alcune versioni per Microsoft Windows sono disponibili dal sito di Code-Aster-Windows, aventi circa le stesse funzionalit\u00e0 delle versioni per Linux, anche se queste non sono certificate da EDF.[1]<br \/>\n\u00c8 disponibile inoltre un LiveDVD CAE Linux dedicato alla Computer-aided software engineering (CASE), Computer-aided process planning (CAPP) che include Code_Aster.<\/p>\n<p>Nel 2006, Code_Aster \u00e8 stato premiato come il miglior progetto libero realizzato da un grande gruppo.<\/p>\n<h2>Utilizzo quotidiano<\/h2>\n<p>Ci sono diversi ambienti di pre-processing e post-processing che sono capaci di interagire e collaborare con<span>\u00a0<\/span><i>Code_Aster<\/i>, creando un ambiente completo:<\/p>\n<ul>\n<li><a href=\"https:\/\/it.wikipedia.org\/wiki\/Gmsh\" title=\"Gmsh\" target=\"_blank\" rel=\"noopener noreferrer\">Gmsh<\/a>: Meshing e strumento di visualizzazione 3D (licenza GNU GPL)<\/li>\n<li><a href=\"https:\/\/it.wikipedia.org\/wiki\/SALOME\" title=\"SALOME\" target=\"_blank\" rel=\"noopener noreferrer\">SALOME<\/a>: Meshing e strumento di visualizzazione 3D (open source, con licenza GNU LGPL)<sup id=\"cite_ref-3\" class=\"reference\"><\/sup><\/li>\n<\/ul>\n<p>Altri strumenti che usano Code Aster sono<sup id=\"cite_ref-4\" class=\"reference\"><\/sup>:<\/p>\n<ul>\n<li>EFICAS<\/li>\n<li>HOMARD<\/li>\n<li>METIS<\/li>\n<li>MISS3D<\/li>\n<li>MED (modulo di SALOME)<\/li>\n<li>GIBI (modulo di Castem)<\/li>\n<\/ul>\n<h2>I nostri servizi<\/h2>\n<div class=\"thumb tright\">\n<p>CFD FEA Service fornisce formazione a 360\u00b0 riguardo l\u2019utilizzo di Code_Aster. Sviluppiamo, assieme al cliente, script ed eseguibili ad-hoc per l\u2019utilizzo proficuo di Code_Aster in ambito industriale. A completare l\u2019offerta, attraverso il servizio di cloud-computing \u00e8 possibile noleggiare risorse di calcolo on-demand, riducendo al minimo l\u2019investimento per l\u2019utilizzo di questa tipologia di software.<\/p>\n<h4>CONTATTACI<\/h4>\n<p>Per maggiori informazioni e per sapere come CFD FEA Service pu\u00f2 assisterti contattaci attraverso il seguente form:<\/p>\n<div class=\"wpforms-container wpforms-container-full\" id=\"wpforms-2018\"><form id=\"wpforms-form-2018\" class=\"wpforms-validate wpforms-form\" data-formid=\"2018\" method=\"post\" enctype=\"multipart\/form-data\" action=\"\/index.php\/wp-json\/wp\/v2\/product\/494\" data-token=\"7098f96e8c0c2f748bb337f135c918e7\"><noscript class=\"wpforms-error-noscript\">Please enable JavaScript in your browser to complete this form.<\/noscript><div class=\"wpforms-field-container\"><div id=\"wpforms-2018-field_1-container\" class=\"wpforms-field wpforms-field-name\" data-field-id=\"1\"><label class=\"wpforms-field-label\" for=\"wpforms-2018-field_1\">Nome <span class=\"wpforms-required-label\">*<\/span><\/label><input type=\"text\" id=\"wpforms-2018-field_1\" class=\"wpforms-field-medium wpforms-field-required\" name=\"wpforms[fields][1]\" required><\/div><div id=\"wpforms-2018-field_2-container\" class=\"wpforms-field wpforms-field-email\" data-field-id=\"2\"><label class=\"wpforms-field-label\" for=\"wpforms-2018-field_2\">Email <span class=\"wpforms-required-label\">*<\/span><\/label><input type=\"email\" id=\"wpforms-2018-field_2\" class=\"wpforms-field-medium wpforms-field-required\" name=\"wpforms[fields][2]\" required><\/div><div id=\"wpforms-2018-field_3-container\" class=\"wpforms-field wpforms-field-textarea\" data-field-id=\"3\"><label class=\"wpforms-field-label\" for=\"wpforms-2018-field_3\">Messaggio <span class=\"wpforms-required-label\">*<\/span><\/label><textarea id=\"wpforms-2018-field_3\" class=\"wpforms-field-medium wpforms-field-required\" name=\"wpforms[fields][3]\" required><\/textarea><\/div><\/div><div class=\"wpforms-field wpforms-field-hp\"><label for=\"wpforms-2018-field-hp\" class=\"wpforms-field-label\">Message<\/label><input type=\"text\" name=\"wpforms[hp]\" id=\"wpforms-2018-field-hp\" class=\"wpforms-field-medium\"><\/div><div class=\"wpforms-recaptcha-container\" ><div class=\"g-recaptcha\" data-sitekey=\"6LemhnYUAAAAAK3oWCNmb1bXWuRMR8auIzCeoZfK\" data-size=\"invisible\"><\/div><\/div><div class=\"wpforms-submit-container\" ><input type=\"hidden\" name=\"wpforms[id]\" value=\"2018\"><input type=\"hidden\" name=\"wpforms[author]\" value=\"1\"><button type=\"submit\" name=\"wpforms[submit]\" class=\"wpforms-submit \" id=\"wpforms-submit-2018\" value=\"wpforms-submit\" aria-live=\"assertive\" data-alt-text=\"Sending\" data-submit-text=\"Invia\">Invia<\/button><\/div><\/form><\/div>  <!-- .wpforms-container -->\n<\/div>\n<p><strong>_________________________________<\/strong><\/p>\n<p><strong>CFD FEA Service SRL<\/strong> &egrave; una societ&agrave; di servizi che offre <em>consulenza<\/em> e <em>formazione<\/em> in ambito <strong>ingegneria<\/strong> e <strong>IT<\/strong>. Se questo post\/prodotto ti &egrave; piaciuto ti invitiamo a:<\/p>\n<ul>\n<li>visionare il nostro <a href=\"https:\/\/cfdfeaservice.it\/index.php\/blog\/\" target=\"_blank\" rel=\"noopener\">blog<\/a><\/li>\n<li>visionare i <a href=\"https:\/\/cfdfeaservice.it\/index.php\/prodotti\/\" target=\"_blank\" rel=\"noopener\">software<\/a> disponibili - anche per la formazione<\/li>\n<li>iscriverti alla nostra newsletter<\/li>\n<li>entrare in contatto con noi attraverso la <a href=\"https:\/\/cfdfeaservice.it\/#ribbon\" target=\"_blank\" rel=\"noopener\">pagina contatti<\/a><\/li>\n<\/ul>\n<p>Saremo lieti di seguire le tue richieste e fornire risposte alle tue domande.<\/p>","protected":false},"excerpt":{"rendered":"<p>Un software per analisi FEM strutturali e termiche.<\/p>\n","protected":false},"featured_media":422,"comment_status":"open","ping_status":"closed","template":"","meta":{"spay_email":""},"yoast_head":"<!-- This site is optimized with the Yoast SEO plugin v15.1.1 - https:\/\/yoast.com\/wordpress\/plugins\/seo\/ -->\n<title>Code_Aster - CFD FEA\/FEM Service<\/title>\n<meta name=\"robots\" content=\"index, follow, max-snippet:-1, max-image-preview:large, max-video-preview:-1\" \/>\n<link rel=\"canonical\" href=\"https:\/\/test.cfdfeaservice.it\/index.php\/prodotto\/code_aster\/\" \/>\n<meta property=\"og:locale\" content=\"en_GB\" \/>\n<meta property=\"og:type\" content=\"article\" \/>\n<meta property=\"og:title\" content=\"Code_Aster - CFD FEA\/FEM Service\" \/>\n<meta property=\"og:description\" content=\"Un software per analisi FEM strutturali e termiche.\" \/>\n<meta property=\"og:url\" content=\"https:\/\/test.cfdfeaservice.it\/index.php\/prodotto\/code_aster\/\" \/>\n<meta property=\"og:site_name\" content=\"CFD FEA\/FEM Service\" \/>\n<meta property=\"article:publisher\" content=\"https:\/\/www.facebook.com\/cfdfeaservice\" \/>\n<meta property=\"article:modified_time\" content=\"2019-12-20T22:01:00+00:00\" \/>\n<meta property=\"og:image\" content=\"https:\/\/i0.wp.com\/test.cfdfeaservice.it\/wp-content\/uploads\/2018\/01\/siteon0-2.png?fit=165%2C103&#038;ssl=1\" \/>\n\t<meta property=\"og:image:width\" content=\"165\" \/>\n\t<meta property=\"og:image:height\" content=\"103\" \/>\n<meta name=\"twitter:card\" content=\"summary\" \/>\n<script type=\"application\/ld+json\" class=\"yoast-schema-graph\">{\"@context\":\"https:\/\/schema.org\",\"@graph\":[{\"@type\":\"Organization\",\"@id\":\"https:\/\/test.cfdfeaservice.it\/#organization\",\"name\":\"CFD FEA SERVICE SRL\",\"url\":\"https:\/\/test.cfdfeaservice.it\/\",\"sameAs\":[\"https:\/\/www.facebook.com\/cfdfeaservice\",\"https:\/\/www.linkedin.com\/company\/11421185\/\",\"https:\/\/www.youtube.com\/channel\/UCr2h1DbpsNDKJSBAgeWMbfA\"],\"logo\":{\"@type\":\"ImageObject\",\"@id\":\"https:\/\/test.cfdfeaservice.it\/#logo\",\"inLanguage\":\"en-GB\",\"url\":\"https:\/\/i2.wp.com\/test.cfdfeaservice.it\/wp-content\/uploads\/2018\/07\/CFD-FEA-SERVICE-Compact.png?fit=677%2C178&ssl=1\",\"width\":677,\"height\":178,\"caption\":\"CFD FEA SERVICE SRL\"},\"image\":{\"@id\":\"https:\/\/test.cfdfeaservice.it\/#logo\"}},{\"@type\":\"WebSite\",\"@id\":\"https:\/\/test.cfdfeaservice.it\/#website\",\"url\":\"https:\/\/test.cfdfeaservice.it\/\",\"name\":\"CFD FEA\/FEM Service\",\"description\":\"Servizi di ingegneria 4.0\",\"publisher\":{\"@id\":\"https:\/\/test.cfdfeaservice.it\/#organization\"},\"potentialAction\":[{\"@type\":\"SearchAction\",\"target\":\"https:\/\/test.cfdfeaservice.it\/?s={search_term_string}\",\"query-input\":\"required name=search_term_string\"}],\"inLanguage\":\"en-GB\"},{\"@type\":\"ImageObject\",\"@id\":\"https:\/\/test.cfdfeaservice.it\/index.php\/prodotto\/code_aster\/#primaryimage\",\"inLanguage\":\"en-GB\",\"url\":\"https:\/\/i0.wp.com\/test.cfdfeaservice.it\/wp-content\/uploads\/2018\/01\/siteon0-2.png?fit=165%2C103&ssl=1\",\"width\":165,\"height\":103},{\"@type\":\"WebPage\",\"@id\":\"https:\/\/test.cfdfeaservice.it\/index.php\/prodotto\/code_aster\/#webpage\",\"url\":\"https:\/\/test.cfdfeaservice.it\/index.php\/prodotto\/code_aster\/\",\"name\":\"Code_Aster - CFD FEA\/FEM Service\",\"isPartOf\":{\"@id\":\"https:\/\/test.cfdfeaservice.it\/#website\"},\"primaryImageOfPage\":{\"@id\":\"https:\/\/test.cfdfeaservice.it\/index.php\/prodotto\/code_aster\/#primaryimage\"},\"datePublished\":\"2018-01-22T13:25:27+00:00\",\"dateModified\":\"2019-12-20T22:01:00+00:00\",\"inLanguage\":\"en-GB\",\"potentialAction\":[{\"@type\":\"ReadAction\",\"target\":[\"https:\/\/test.cfdfeaservice.it\/index.php\/prodotto\/code_aster\/\"]}]}]}<\/script>\n<!-- \/ Yoast SEO plugin. -->","jetpack_sharing_enabled":true,"_links":{"self":[{"href":"https:\/\/test.cfdfeaservice.it\/index.php\/wp-json\/wp\/v2\/product\/494"}],"collection":[{"href":"https:\/\/test.cfdfeaservice.it\/index.php\/wp-json\/wp\/v2\/product"}],"about":[{"href":"https:\/\/test.cfdfeaservice.it\/index.php\/wp-json\/wp\/v2\/types\/product"}],"replies":[{"embeddable":true,"href":"https:\/\/test.cfdfeaservice.it\/index.php\/wp-json\/wp\/v2\/comments?post=494"}],"wp:featuredmedia":[{"embeddable":true,"href":"https:\/\/test.cfdfeaservice.it\/index.php\/wp-json\/wp\/v2\/media\/422"}],"wp:attachment":[{"href":"https:\/\/test.cfdfeaservice.it\/index.php\/wp-json\/wp\/v2\/media?parent=494"}],"curies":[{"name":"wp","href":"https:\/\/api.w.org\/{rel}","templated":true}]}}