{"id":627,"date":"2018-02-12T14:06:54","date_gmt":"2018-02-12T13:06:54","guid":{"rendered":"https:\/\/cfdfeaservice.it\/?page_id=627"},"modified":"2018-02-12T14:09:47","modified_gmt":"2018-02-12T13:09:47","slug":"ruggero-poletto-ingegnere-cfd-fem","status":"publish","type":"page","link":"https:\/\/test.cfdfeaservice.it\/index.php\/ruggero-poletto-ingegnere-cfd-fem\/","title":{"rendered":"Ruggero Poletto &#8211; Ingegnere CFD e FEM"},"content":{"rendered":"<p><a href=\"https:\/\/docs.google.com\/document\/d\/1PisY7NCLXLatHA7jd1p-rkyV-8gKTWWYSxPQsDZNDUM\/edit\" target=\"_blank\" rel=\"noopener\"><img data-attachment-id=\"191\" data-permalink=\"https:\/\/test.cfdfeaservice.it\/index.php\/ruggero-poletto-ingegnere-cfd-fem\/download\/\" data-orig-file=\"https:\/\/i2.wp.com\/test.cfdfeaservice.it\/wp-content\/uploads\/2017\/11\/download.png?fit=140%2C166&amp;ssl=1\" data-orig-size=\"140,166\" data-comments-opened=\"1\" data-image-meta=\"{&quot;aperture&quot;:&quot;0&quot;,&quot;credit&quot;:&quot;&quot;,&quot;camera&quot;:&quot;&quot;,&quot;caption&quot;:&quot;&quot;,&quot;created_timestamp&quot;:&quot;0&quot;,&quot;copyright&quot;:&quot;&quot;,&quot;focal_length&quot;:&quot;0&quot;,&quot;iso&quot;:&quot;0&quot;,&quot;shutter_speed&quot;:&quot;0&quot;,&quot;title&quot;:&quot;&quot;,&quot;orientation&quot;:&quot;0&quot;}\" data-image-title=\"download\" data-image-description=\"\" data-medium-file=\"https:\/\/i2.wp.com\/test.cfdfeaservice.it\/wp-content\/uploads\/2017\/11\/download.png?fit=140%2C166&amp;ssl=1\" data-large-file=\"https:\/\/i2.wp.com\/test.cfdfeaservice.it\/wp-content\/uploads\/2017\/11\/download.png?fit=140%2C166&amp;ssl=1\" loading=\"lazy\" src=\"https:\/\/i2.wp.com\/cfdfeaservice.it\/wp-content\/uploads\/2017\/11\/download.png?resize=140%2C166&#038;ssl=1\" alt=\"\" width=\"140\" height=\"166\" class=\"size-full wp-image-191 alignleft\" srcset=\"https:\/\/i2.wp.com\/test.cfdfeaservice.it\/wp-content\/uploads\/2017\/11\/download.png?w=140&amp;ssl=1 140w, https:\/\/i2.wp.com\/test.cfdfeaservice.it\/wp-content\/uploads\/2017\/11\/download.png?resize=20%2C24&amp;ssl=1 20w, https:\/\/i2.wp.com\/test.cfdfeaservice.it\/wp-content\/uploads\/2017\/11\/download.png?resize=10%2C12&amp;ssl=1 10w\" sizes=\"(max-width: 140px) 100vw, 140px\" data-recalc-dims=\"1\" \/>Ruggero Poletto<\/a> \u00e8 CEO e amministratore unico di CFD FEA Service, ingegnere CFD e FEM. La sua carriera accademica \u00e8 segnata da numerose esperienze nei pi\u00f9 svariati ambiti della progettazione, sempre con focus riguardo analisi e simulazioni CFD e FEM.<\/p>\n<p>Nasce a Legnago, Verona, il 01.01.1985. Attualmente vive a San Bonifacio, in provincia di Verona.<\/p>\n<h3>Formazione<\/h3>\n<p>Sin dai tempi universitari si dedica allo studio dei software CFD anche attraverso collaborazioni e stage presso aziende. Di particolare rilievo lo studio di laurea effettuato, come ingegnere CFD, in collaborazione con la ditta SONSUB di Porto Marghera. In tale lavoro si \u00e8 sviluppata una pompa a getto anulare. Terminata la laurea specialistica presso l&#8217;ateneo di Padova si sposta nel Regno Unito per proseguire la propria formazione presso la University of Manchester dove effettua un dottorato in Fluidodinamica computazionale. Le principali tappe della sua formazione sono qui riassunte:<\/p>\n<p><strong>2003<\/strong> Liceo Scientifico PNI. Votazione: 96\/100<\/p>\n<p><strong>2006<\/strong> Laurea triennale in Ingegneria Aerospaziale &#8211; Universit\u00e0 di Padova (Voto finale: 110 \/ e lode)<\/p>\n<p>Tesi: &#8220;<em>Study on vortex-flap for delta-wings in subsonic flight<\/em>&#8221;<\/p>\n<p><strong>2009<\/strong> Laurea specialistica in Ingegneria Aerospaziale &#8211; Universit\u00e0 di Padova (Voto finale: 110 \/ 110)<\/p>\n<p>Tesi: &#8220;<em>Fluid-dynamic study to project an annular jet-pump<\/em>&#8220;, in collaborazione con SONSUB (SAIPEM) &#8211; Porto Marghera, Venezia &#8211; ITA<\/p>\n<p><strong>2015<\/strong>\u00a0 PhD &#8211; University of Manchester<\/p>\n<p>Titolo: &#8220;<em>RANS\/LES coupling with the SEM and DF-SEM method<\/em>&#8221;<\/p>\n<h3>Esperienze<\/h3>\n<p>Di assoluto rispetto anche il curriculum di esperienze lavorative. Nel corso degli anni difatti si \u00e8 applicato sia nel mondo della programmazione che, con l&#8217;aumentare dell&#8217;esperienza, nella gestione di progetti e quindi in attivit\u00e0 manageriali aziendali. Fondatore della startup CONSELF SRL, viene a contatto del mondo FEM (Finite Element Method), attraverso l&#8217;applicazione di numerosi software open-source e l&#8217;utilizzo del cloud computing come strumento hardware.<\/p>\n<p><strong>2012 &#8211; 2014<\/strong>\u00a0 Sviluppatore CFD @ KARALIT s.r.l. &#8211; Cagliari<\/p>\n<p><strong>2013 &#8211; 2014\u00a0<\/strong>Project Manager @ Maico Italia S.p.a. &#8211; Lonato del Garda<\/p>\n<p><strong>2015 &#8211; 2017\u00a0<\/strong>Co-fondatore e Presidente @ CONSELF S.R.L. &#8211; Milano<\/p>\n<h4>Conoscenze<\/h4>\n<p>Ovviamente l&#8217;ambito CAE &#8211; Computer Aided Engineering \u00e8 quello di specialit\u00e0. Rappresenta la moderna figura di un ingegnere CFD e FEM con specialit\u00e0 nei seguenti software:<\/p>\n<ul>\n<li>OpenFOAM<\/li>\n<li>Code Aster<\/li>\n<li>Code Saturne<\/li>\n<li>SALOME<\/li>\n<li>FDS &#8211; Fire Dynamic Simulator<\/li>\n<\/ul>\n<p><strong>_________________________________<\/strong><\/p>\n<p><strong>CFD FEA Service SRL<\/strong> &egrave; una societ&agrave; di servizi che offre <em>consulenza<\/em> e <em>formazione<\/em> in ambito <strong>ingegneria<\/strong> e <strong>IT<\/strong>. Se questo post\/prodotto ti &egrave; piaciuto ti invitiamo a:<\/p>\n<ul>\n<li>visionare il nostro <a href=\"https:\/\/cfdfeaservice.it\/index.php\/blog\/\" target=\"_blank\" rel=\"noopener\">blog<\/a><\/li>\n<li>visionare i <a href=\"https:\/\/cfdfeaservice.it\/index.php\/prodotti\/\" target=\"_blank\" rel=\"noopener\">software<\/a> disponibili - anche per la formazione<\/li>\n<li>iscriverti alla nostra newsletter<\/li>\n<li>entrare in contatto con noi attraverso la <a href=\"https:\/\/cfdfeaservice.it\/#ribbon\" target=\"_blank\" rel=\"noopener\">pagina contatti<\/a><\/li>\n<\/ul>\n<p>Saremo lieti di seguire le tue richieste e fornire risposte alle tue domande.<\/p>","protected":false},"excerpt":{"rendered":"<p>Ruggero Poletto \u00e8 CEO e amministratore unico di CFD FEA Service, ingegnere CFD e FEM. La sua carriera accademica \u00e8 segnata da numerose esperienze nei pi\u00f9 svariati ambiti della progettazione, sempre con focus riguardo analisi e simulazioni CFD e FEM. Nasce a Legnago, Verona, il 01.01.1985. Attualmente vive a San [&hellip;]<\/p>\n","protected":false},"author":1,"featured_media":0,"parent":0,"menu_order":0,"comment_status":"closed","ping_status":"closed","template":"","meta":{"spay_email":""},"yoast_head":"<!-- This site is optimized with the Yoast SEO plugin v15.1.1 - https:\/\/yoast.com\/wordpress\/plugins\/seo\/ -->\n<title>Ruggero Poletto - Ingegnere CFD e FEM - CFD FEA\/FEM Service<\/title>\n<meta name=\"robots\" content=\"index, follow, max-snippet:-1, max-image-preview:large, max-video-preview:-1\" \/>\n<link rel=\"canonical\" href=\"https:\/\/test.cfdfeaservice.it\/index.php\/ruggero-poletto-ingegnere-cfd-fem\/\" \/>\n<meta property=\"og:locale\" content=\"en_GB\" \/>\n<meta property=\"og:type\" content=\"article\" \/>\n<meta property=\"og:title\" content=\"Ruggero Poletto - Ingegnere CFD e FEM - CFD FEA\/FEM Service\" \/>\n<meta property=\"og:description\" content=\"Ruggero Poletto \u00e8 CEO e amministratore unico di CFD FEA Service, ingegnere CFD e FEM. La sua carriera accademica \u00e8 segnata da numerose esperienze nei pi\u00f9 svariati ambiti della progettazione, sempre con focus riguardo analisi e simulazioni CFD e FEM. Nasce a Legnago, Verona, il 01.01.1985. Attualmente vive a San [&hellip;]\" \/>\n<meta property=\"og:url\" content=\"https:\/\/test.cfdfeaservice.it\/index.php\/ruggero-poletto-ingegnere-cfd-fem\/\" \/>\n<meta property=\"og:site_name\" content=\"CFD FEA\/FEM Service\" \/>\n<meta property=\"article:publisher\" content=\"https:\/\/www.facebook.com\/cfdfeaservice\" \/>\n<meta property=\"article:modified_time\" content=\"2018-02-12T13:09:47+00:00\" \/>\n<meta property=\"og:image\" content=\"https:\/\/cfdfeaservice.it\/wp-content\/uploads\/2017\/11\/download.png\" \/>\n<meta name=\"twitter:card\" content=\"summary\" \/>\n<script type=\"application\/ld+json\" class=\"yoast-schema-graph\">{\"@context\":\"https:\/\/schema.org\",\"@graph\":[{\"@type\":\"Organization\",\"@id\":\"https:\/\/test.cfdfeaservice.it\/#organization\",\"name\":\"CFD FEA SERVICE SRL\",\"url\":\"https:\/\/test.cfdfeaservice.it\/\",\"sameAs\":[\"https:\/\/www.facebook.com\/cfdfeaservice\",\"https:\/\/www.linkedin.com\/company\/11421185\/\",\"https:\/\/www.youtube.com\/channel\/UCr2h1DbpsNDKJSBAgeWMbfA\"],\"logo\":{\"@type\":\"ImageObject\",\"@id\":\"https:\/\/test.cfdfeaservice.it\/#logo\",\"inLanguage\":\"en-GB\",\"url\":\"https:\/\/i2.wp.com\/test.cfdfeaservice.it\/wp-content\/uploads\/2018\/07\/CFD-FEA-SERVICE-Compact.png?fit=677%2C178&ssl=1\",\"width\":677,\"height\":178,\"caption\":\"CFD FEA SERVICE SRL\"},\"image\":{\"@id\":\"https:\/\/test.cfdfeaservice.it\/#logo\"}},{\"@type\":\"WebSite\",\"@id\":\"https:\/\/test.cfdfeaservice.it\/#website\",\"url\":\"https:\/\/test.cfdfeaservice.it\/\",\"name\":\"CFD FEA\/FEM Service\",\"description\":\"Servizi di ingegneria 4.0\",\"publisher\":{\"@id\":\"https:\/\/test.cfdfeaservice.it\/#organization\"},\"potentialAction\":[{\"@type\":\"SearchAction\",\"target\":\"https:\/\/test.cfdfeaservice.it\/?s={search_term_string}\",\"query-input\":\"required name=search_term_string\"}],\"inLanguage\":\"en-GB\"},{\"@type\":\"ImageObject\",\"@id\":\"https:\/\/test.cfdfeaservice.it\/index.php\/ruggero-poletto-ingegnere-cfd-fem\/#primaryimage\",\"inLanguage\":\"en-GB\",\"url\":\"https:\/\/cfdfeaservice.it\/wp-content\/uploads\/2017\/11\/download.png\"},{\"@type\":\"WebPage\",\"@id\":\"https:\/\/test.cfdfeaservice.it\/index.php\/ruggero-poletto-ingegnere-cfd-fem\/#webpage\",\"url\":\"https:\/\/test.cfdfeaservice.it\/index.php\/ruggero-poletto-ingegnere-cfd-fem\/\",\"name\":\"Ruggero Poletto - Ingegnere CFD e FEM - CFD FEA\/FEM Service\",\"isPartOf\":{\"@id\":\"https:\/\/test.cfdfeaservice.it\/#website\"},\"primaryImageOfPage\":{\"@id\":\"https:\/\/test.cfdfeaservice.it\/index.php\/ruggero-poletto-ingegnere-cfd-fem\/#primaryimage\"},\"datePublished\":\"2018-02-12T13:06:54+00:00\",\"dateModified\":\"2018-02-12T13:09:47+00:00\",\"inLanguage\":\"en-GB\",\"potentialAction\":[{\"@type\":\"ReadAction\",\"target\":[\"https:\/\/test.cfdfeaservice.it\/index.php\/ruggero-poletto-ingegnere-cfd-fem\/\"]}]}]}<\/script>\n<!-- \/ Yoast SEO plugin. -->","jetpack_shortlink":"https:\/\/wp.me\/P9JrPq-a7","jetpack_sharing_enabled":true,"_links":{"self":[{"href":"https:\/\/test.cfdfeaservice.it\/index.php\/wp-json\/wp\/v2\/pages\/627"}],"collection":[{"href":"https:\/\/test.cfdfeaservice.it\/index.php\/wp-json\/wp\/v2\/pages"}],"about":[{"href":"https:\/\/test.cfdfeaservice.it\/index.php\/wp-json\/wp\/v2\/types\/page"}],"author":[{"embeddable":true,"href":"https:\/\/test.cfdfeaservice.it\/index.php\/wp-json\/wp\/v2\/users\/1"}],"replies":[{"embeddable":true,"href":"https:\/\/test.cfdfeaservice.it\/index.php\/wp-json\/wp\/v2\/comments?post=627"}],"version-history":[{"count":10,"href":"https:\/\/test.cfdfeaservice.it\/index.php\/wp-json\/wp\/v2\/pages\/627\/revisions"}],"predecessor-version":[{"id":638,"href":"https:\/\/test.cfdfeaservice.it\/index.php\/wp-json\/wp\/v2\/pages\/627\/revisions\/638"}],"wp:attachment":[{"href":"https:\/\/test.cfdfeaservice.it\/index.php\/wp-json\/wp\/v2\/media?parent=627"}],"curies":[{"name":"wp","href":"https:\/\/api.w.org\/{rel}","templated":true}]}}